{"id":203,"date":"2014-03-17T10:55:43","date_gmt":"2014-03-17T10:55:43","guid":{"rendered":"https:\/\/sueonline.asmez.it\/sue\/?page_id=203"},"modified":"2015-07-02T14:25:45","modified_gmt":"2015-07-02T14:25:45","slug":"segnalazione-certificata-di-inizio-attivita","status":"publish","type":"page","link":"https:\/\/sueonline.asmez.it\/sanrufo\/?page_id=203","title":{"rendered":"Segnalazione Certificata di Inizio Attivit\u00e0"},"content":{"rendered":"<p><em><span style=\"font-size:14px;\"><span style=\"font-family:tahoma,geneva,sans-serif;\">Documentazione necessaria e informazioni sul procedimento<\/span><\/span><\/em><\/p>\n<table border=\"1\" cellpadding=\"1\" cellspacing=\"1\" style=\"width: 100%;\">\n<tbody>\n<tr>\n<td style=\"width: 50%;\">\n<p style=\"margin-left: 40px;\"><a href=\"#interventi\" style=\"font-family: tahoma, geneva, sans-serif; font-size: 14px;\">\u25ba Descrizione<\/a><\/p>\n<p style=\"margin-left: 40px;\"><span style=\"font-size: 14px;\"><span style=\"font-family: tahoma, geneva, sans-serif;\"><a href=\"#chifalarichiesta\">\u25ba Chi presenta la Richiesta<br \/>\n\t\t\t\t\t<\/a><\/span><\/span><\/p>\n<p style=\"margin-left: 40px;\"><span style=\"font-size: 14px;\"><span style=\"font-family: tahoma, geneva, sans-serif;\"><a href=\"#modalita\">\u25ba Modalit\u00e0 di Rilascio<\/a><\/span><\/span><\/p>\n<p style=\"margin-left: 40px;\"><span style=\"font-size: 14px;\"><span style=\"font-family: tahoma, geneva, sans-serif;\"><a href=\"#costi\">\u25ba Costi<\/a>&nbsp;&nbsp;<br \/>\n\t\t\t\t\t<\/span><\/span><\/p>\n<p style=\"margin-left: 40px;\"><span style=\"font-size: 14px;\"><span style=\"font-family: tahoma, geneva, sans-serif;\"><a href=\"#inviopratiche\">\u25ba<\/a>&nbsp;<strong><a href=\"#inviopratiche\">Invio Pratica<\/a><\/strong><\/span><\/span><\/p>\n<\/td>\n<td>\n<p style=\"margin: 0.6em 0px 1.2em; padding: 0px; border: 0px; outline: 0px; font-size: 13px; vertical-align: baseline; color: rgb(0, 0, 0); font-family: Geneva, Arial, Helvetica, sans-serif; line-height: 19.75px; text-align: justify;\">\u00a0<\/p>\n<\/td>\n<\/tr>\n<\/tbody>\n<\/table>\n<div id=\"par_0\">\n<hr \/>\n<p style=\"text-align: justify;\"><span style=\"font-family:tahoma,geneva,sans-serif;\"><span style=\"font-size:14px;\">La segnalazione certificata di inizio attivit\u00e0 (Scia) consente &nbsp;di&nbsp;eseguire negli immobile di sua propriet\u00e0 lavori edilizi di limitata entit\u00e0, dopo aver presentato all&#8217;Amministrazione comunale un&#8217;apposita segnalazione.&nbsp;La Scia \u00e8&nbsp;un titolo&nbsp;edilizio che si forma solo se sussistono tutte le condizioni e i requisiti previsti dalla normativa vigente.Nella Scia, in particolare, la verifica di tutte queste condizioni viene, dalla legge, completamente delegata al privato, che attesta ed autocertifica, sotto la sua responsabilit\u00e0, con il supporto del tecnico di fiducia, l&#8217;esistenza dei presupposti e dei requisiti di legge&nbsp;per la realizzazione dell&#8217;intervento.<\/span><\/span><\/p>\n<p style=\"text-align: justify;\"><a name=\"interventi\"><\/a>\u25ba&nbsp;La<strong> <span style=\"font-size:14px;\"><span style=\"font-family:tahoma,geneva,sans-serif;\"><span style=\"color:#000080;\">Segnalazione Certificata di Inizio Attivit\u00e0<\/span><\/span><\/span><\/strong><span style=\"font-family:tahoma,geneva,sans-serif;\"><span style=\"font-size:14px;\"> (Scia) \u00e8 necessaria per<\/span><\/span><\/p>\n<ol>\n<li style=\"text-align: justify;\"><span style=\"font-size:14px;\"><span style=\"font-family:tahoma,geneva,sans-serif;\">Interventi di manutenzione straordinaria&nbsp;&nbsp;che prevedono interventi sulle parti strutturali dell&#8217;edificio (che necessitano di autorizzazione sismica) o che implicano incremento dei parametri urbanistici;<\/span><\/span><\/li>\n<li style=\"text-align: justify;\"><span style=\"font-size:14px;\"><span style=\"font-family:tahoma,geneva,sans-serif;\">Interventi di risanamento conservativo e restauro&nbsp;&nbsp;con esclusione degli edifici in centro storico (ambiti ACS) e degli edifici di pregio storico culturale e testimoniale e storico architettonico;<\/span><\/span><\/li>\n<li style=\"text-align: justify;\"><span style=\"font-size:14px;\"><span style=\"font-family:tahoma,geneva,sans-serif;\">Interventi, consistenti in manufatti, di eliminazione delle barriere architettoniche&nbsp;&nbsp;in edifici esistenti qualora interessino gli immobili compresi negli elenchi di cui al Titolo I del D.Lgs. n. 490 del 1999, nonch\u00e8 gli immobili aventi valore storico-architettonico individuati dagli strumenti urbanistici comunali ovvero riguardino elementi strutturali dell&#8217;edificio o alterino anche la sagoma dell&#8217;edificio;<\/span><\/span><\/li>\n<li style=\"text-align: justify;\"><span style=\"font-size:14px;\"><span style=\"font-family:tahoma,geneva,sans-serif;\">Recinzioni, i muri di cinta e le cancellate&nbsp;;<\/span><\/span><\/li>\n<li style=\"text-align: justify;\"><span style=\"font-size:14px;\"><span style=\"font-family:tahoma,geneva,sans-serif;\">gli interventi di ristrutturazione edilizia con esclusione degli edifici in centro storico&nbsp;&nbsp;(ambiti ACS) e degli edifici di pregio storico culturale e testimoniale e storico architettonico;<\/span><\/span><\/li>\n<li style=\"text-align: justify;\"><span style=\"font-size:14px;\"><span style=\"font-family:tahoma,geneva,sans-serif;\">Interventi&nbsp;di recupero a fini abitativi dei sottotetti&nbsp;, nei casi e nei limiti di cui alla L.R. 6 aprile 1998, n. 11 con esclusione degli edifici in centro storico (ambiti ACS) e degli edifici di pregio storico culturale e testimoniale e storico architettonico;<\/span><\/span><\/li>\n<li style=\"text-align: justify;\"><span style=\"font-size:14px;\"><span style=\"font-family:tahoma,geneva,sans-serif;\">Mutamenti di destinazione d&#8217;uso senza opere&nbsp;;<\/span><\/span><\/li>\n<li style=\"text-align: justify;\"><span style=\"font-size:14px;\"><span style=\"font-family:tahoma,geneva,sans-serif;\">Modifiche funzionali di impianti esistenti&nbsp;&nbsp;gi\u00e0 destinati ad attivit\u00e0 sportive senza creazione di volumetria;<\/span><\/span><\/li>\n<li style=\"text-align: justify;\"><span style=\"font-size:14px;\"><span style=\"font-family:tahoma,geneva,sans-serif;\">Installazione o Revisione di impianti tecnologici&nbsp;&nbsp;che comportano la realizzazione di volumi tecnici al servizio di edifici o di attrezzature esistenti;<\/span><\/span><\/li>\n<li style=\"text-align: justify;\"><span style=\"font-size:14px;\"><span style=\"font-family:tahoma,geneva,sans-serif;\">le modifiche progettuali e le variazioni in corso d&#8217;opera&nbsp;&nbsp;di cui agli artt. 18 e 19 della L. R. 31\/02;<\/span><\/span><\/li>\n<li style=\"text-align: justify;\"><span style=\"font-size:14px;\"><span style=\"font-family:tahoma,geneva,sans-serif;\">Realizzazione di parcheggi da destinare a pertinenza di unit\u00e0 immobiliari&nbsp;, nei casi di cui all&#8217;art. 9, comma 1, della Legge 24 marzo 1989, n. 122, esclusi gli immobili collocati nei centri storici;<\/span><\/span><\/li>\n<li style=\"text-align: justify;\"><span style=\"font-size:14px;\"><span style=\"font-family:tahoma,geneva,sans-serif;\">Significativi movimenti di terra senza opere non connessi all&#8217;attivit\u00e0 agricola&nbsp;.<\/span><\/span><\/li>\n<\/ol>\n<p style=\"text-align: justify;\"><span style=\"font-size:14px;\">&nbsp;<a name=\"chifalarichiesta\"><\/a>&nbsp;\u25ba&nbsp;<strong style=\"font-size: 14px; color: rgb(0, 0, 128);\"><span style=\"font-family:tahoma,geneva,sans-serif;\">Chi presenta la Richiesta<br \/>\n\t\t<\/span><\/strong><\/span><span style=\"font-family: tahoma, geneva, sans-serif; font-size: 14px;\">La&nbsp;<\/span><span style=\"font-family: tahoma, geneva, sans-serif; font-size: 14px;\">S<\/span><span style=\"font-family: tahoma, geneva, sans-serif; font-size: 14px; text-align: start;\">egnalazione Certificata di Inizio Attivit\u00e0<\/span><span style=\"font-family: tahoma, geneva, sans-serif; font-size: 14px;\">&nbsp;deve essere presentata da chi \u00e8 titolare di un diritto reale (propriet\u00e0, usufrutto, uso, ecc.) sul bene immobile oggetto dell&#8217;intervento edilizio, ovvero dal titolare di un diritto personale compatibile con l&#8217;intervento da realizzare (es. rapporto di locazione &#8211; conduzione).<\/span><\/p>\n<\/div>\n<div id=\"par_1\">\n<p style=\"text-align: justify;\">&nbsp;<span style=\"font-size:14px;\"><span style=\"font-family:tahoma,geneva,sans-serif;\"><a name=\"modalita\"><\/a>&nbsp;<\/span><\/span>\u25ba&nbsp;<strong style=\"font-size: 14px; color: rgb(0, 0, 128);\"><span style=\"font-family:tahoma,geneva,sans-serif;\">Modalit\u00e0 per il rilascio<br \/>\n\t\t<\/span><\/strong><span style=\"font-size:14px;\"><span style=\"font-family:tahoma,geneva,sans-serif;\"><span style=\"color: rgb(51, 51, 51); line-height: 18px; text-align: start;\">L&#8217;attivit\u00e0 pu\u00f2 essere iniziata dalla data di&nbsp;presentazione della segnalazione.<br \/>\n\t\t<\/span><span style=\"color: rgb(51, 51, 51); line-height: 18px; text-align: start;\">L&#8217;Amministrazione comunale tuttavia, nei&nbsp;30 giorni successivi alla data della presentazione, pu\u00f2 effettuare le verifiche e i controlli e, in caso di irregolarit\u00e0, qualora sia possibile,&nbsp;invita il privato interessato a rendere l&#8217;intervento conforme alla normativa&nbsp;vigente entro un termine prefissato.<br \/>\n\t\t<\/span><span style=\"color: rgb(51, 51, 51); line-height: 18px; text-align: start;\">In caso di carenza dei presupposti, o qualora&nbsp;l&#8217;interessato non provveda ad adeguare l&#8217;intervento alla normativa, l&#8217;Amministrazione pu\u00f2 vietare, con motivato provvedimento, la prosecuzione dell&#8217;attivit\u00e0 e disporre la rimozione dei suoi effetti dannosi.<br \/>\n\t\t<\/span><span style=\"color: rgb(51, 51, 51); line-height: 18px; text-align: start;\">Trascorsi i 30 giorni,&nbsp;<\/span>il Comune pu\u00f2 intervenire<\/span><\/span><span style=\"font-size:14px;\"><span style=\"font-family:tahoma,geneva,sans-serif;\"><span style=\"color: rgb(51, 51, 51); line-height: 18px; text-align: start;\">:<br \/>\n\t\t<\/span><\/span><\/span><\/p>\n<ul>\n<li><span style=\"color: rgb(51, 51, 51); line-height: 18px; text-align: start; font-family: tahoma, geneva, sans-serif; font-size: 14px;\">sempre, in caso dichiarazioni false e mendaci;<\/span><\/li>\n<li><span style=\"font-size:14px;\"><span style=\"font-family:tahoma,geneva,sans-serif;\"><span style=\"color: rgb(51, 51, 51); line-height: 18px; text-align: start;\">solo in presenza di pericolo di danno per il patrimonio artistico e culturale, per l&#8217;ambiente, per la salute, per la sicurezza pubblica o la difesa nazionale, qualora non sia possibile regolarizzare l&#8217;attivit\u00e0.<br \/>\n\t\t\t<\/span><\/span><\/span><\/li>\n<\/ul>\n<\/div>\n<div id=\"par_3\">\n<p style=\"text-align: justify;\">&nbsp;<span style=\"font-family:tahoma,geneva,sans-serif;\"><a name=\"costi\"><\/a>&nbsp;<\/span>\u25ba&nbsp;<strong style=\"font-size: 14px; color: rgb(0, 0, 128);\"><span style=\"font-family:tahoma,geneva,sans-serif;\">Costi<br \/>\n\t\t<\/span><\/strong><span style=\"font-family: tahoma, geneva, sans-serif; font-size: 14px;\">I costi del S<\/span><span style=\"font-family: tahoma, geneva, sans-serif; font-size: 14px; text-align: start;\">egnalazione Certificata di Inizio Attivit\u00e0<\/span><span style=\"font-family: tahoma, geneva, sans-serif; font-size: 14px;\">&nbsp;sono:<\/span><\/p>\n<\/div>\n<div id=\"par_6\">\n<ul>\n<li><span style=\"font-size:14px;\"><span style=\"font-family:tahoma,geneva,sans-serif;\">il&nbsp;contributo di costruzione<\/span><\/span><\/li>\n<li><span style=\"font-size:14px;\"><span style=\"font-family:tahoma,geneva,sans-serif;\">i diritti di segreteria<\/span><\/span><\/li>\n<\/ul>\n<hr \/>\n<p style=\"text-align: center;\">&nbsp;<span style=\"text-align: center; color: rgb(0, 0, 128);\"><span style=\"font-size: 16px;\"><strong><span style=\"font-family: tahoma, geneva, sans-serif;\"><a name=\"inviopratiche\"><\/a>MODALITA DI INVIO PRATICHE<br \/>\n\t\t<\/span><\/strong><\/span><\/span><\/p>\n<p><span style=\"font-size:14px;\"><span style=\"font-family:tahoma,geneva,sans-serif;\">L&#8217;invio delle pratiche avviene tramite la&nbsp;Compilazione On line&nbsp;&#8211; per utenti registrati &#8211; o &nbsp;l&#8217;&nbsp;Invio tramite mail\/PEC&nbsp;dopo aver&nbsp;scaricato la modulistica relativa al procedimento:<\/span><\/span><\/p>\n<p style=\"text-align: justify;\"><span style=\"color: rgb(105, 105, 105);\"><span style=\"font-family: tahoma, geneva, sans-serif;\"><span style=\"line-height: 19.75px;\"><strong style=\"background-color: transparent; margin: 0px; padding: 0px; border: 0px; outline: 0px; vertical-align: baseline;\"><span style=\"margin: 0px; padding: 0px; border: 0px; outline: 0px; vertical-align: baseline; background-color: transparent;\"><img loading=\"lazy\" align=\"absMiddle\" alt=\"\" border=\"\" height=\"45\" hspace=\"2\" src=\"https:\/\/sueonline.asmez.it\/sue\/wp-content\/uploads\/image\/COMPILA.jpg\" style=\"margin: 0px; padding: 0px; border: none; outline: 0px; vertical-align: baseline; background-color: transparent;\" width=\"45\" \/><\/span><\/strong><span style=\"font-size:14px;\"><strong style=\"background-color: transparent; margin: 0px; padding: 0px; border: 0px; outline: 0px; vertical-align: baseline;\"><span style=\"margin: 0px; padding: 0px; border: 0px; outline: 0px; vertical-align: baseline; background-color: transparent;\">&nbsp;<\/span><\/strong><span style=\"color:#008000;\"><strong style=\"background-color: transparent; font-size: 14px; margin: 0px; padding: 0px; border: 0px; outline: 0px; vertical-align: baseline;\"><span style=\"margin: 0px; padding: 0px; border: 0px; outline: 0px; vertical-align: baseline; background-color: transparent;\">Compilazione On line<br \/>\n\t\t<\/span><\/strong><\/span><\/span><\/span><\/span><\/span><span style=\"font-family: tahoma, geneva, sans-serif; font-size: 14px;\">Per&nbsp;la Compilazione Online \u00e8 necessario effettuare le operazioni di&nbsp;<\/span><a href=\"https:\/\/sueonline.asmez.it\/wp-signup.php?ruolo=residenti\" style=\"font-family: tahoma, geneva, sans-serif; font-size: 14px;\" target=\"_blank\">registrazione<\/a><span style=\"font-family: tahoma, geneva, sans-serif; font-size: 14px;\"><a href=\"https:\/\/sueonline.asmez.it\/wp-signup.php?ruolo=residenti\">.<\/a>&nbsp;La compilazione on line prevede l&#8217;esecuzione di passi utili per l&#8217;invio della pratica. Tali passi permettono di scaricare la modulistica utile al procedimento e caricarla per poi inviarla in maniera automatica al SUE<\/span><\/p>\n<p><img loading=\"lazy\" align=\"absMiddle\" alt=\"\" height=\"37\" src=\"https:\/\/sueonline.asmez.it\/sue\/wp-content\/uploads\/image\/pec.jpg\" style=\"background-color: transparent; color: rgb(0, 0, 0); line-height: 19.75px; margin: 0px; padding: 0px; border: none; outline: 0px; vertical-align: baseline; text-align: center;\" width=\"45\" \/><span style=\"font-size:14px;\"><span style=\"text-align: justify;\"><span style=\"font-family:tahoma,geneva,sans-serif;\"><span style=\"color:#000080;\"><strong>Invio Tramite PEC<br \/>\n\t\t<\/strong><\/span><\/span><\/span><\/span><span style=\"font-family: tahoma, geneva, sans-serif; font-size: 14px; text-align: justify;\">Scaricare la modulistica relativa al procedimento dall&#8217;icona,e inviarla tramite PEC.<\/span><\/p>\n<\/div>\n<div id=\"par_8\">\n<hr \/>\n<p style=\"text-align: justify;\"><strong><span style=\"font-size: 14px;\"><span style=\"font-family: tahoma, geneva, sans-serif;\"><span style=\"color: rgb(0, 0, 128);\">Segnalazione Certificata di Inizio Attivit\u00e0<\/span><\/span><\/span><\/strong><\/p>\n<p style=\"text-align: justify; margin-left: 40px;\"><strong style=\"background-color: transparent; color: rgb(105, 105, 105); font-family: tahoma, geneva, sans-serif; line-height: 19.75px; margin: 0px; padding: 0px; border: 0px; outline: 0px; vertical-align: baseline;\"><img loading=\"lazy\" align=\"absMiddle\" alt=\"\" border=\"\" height=\"20\" hspace=\"2\" src=\"https:\/\/sueonline.asmez.it\/sue\/wp-content\/uploads\/image\/COMPILA.jpg\" style=\"margin: 0px; padding: 0px; border: none; outline: 0px; vertical-align: baseline; background-color: transparent;\" width=\"20\" \/>&nbsp;<\/strong><a href=\"\/sanrufo\/?page_id=23&amp;model=sueGestPassi&amp;event=openBlock&amp;procedi=001013&amp;tema=cupertino\">Compila on Line (per utenti registrati)<\/a><\/p>\n<p style=\"text-align: justify; margin-left: 40px;\"><img loading=\"lazy\" align=\"absMiddle\" alt=\"\" height=\"15\" src=\"https:\/\/sueonline.asmez.it\/sue\/wp-content\/uploads\/image\/pec.jpg\" style=\"background-color: transparent; color: rgb(0, 0, 0); line-height: 19.75px; margin: 0px; padding: 0px; border: none; outline: 0px; vertical-align: baseline; text-align: center;\" width=\"20\" \/>&nbsp;<a href=\"\/sanrufo\/id=270\" target=\"_self\">Modulistica per invio Tramite PEC<\/a><\/p>\n<p style=\"text-align: justify;\"><span style=\"font-size: 14px;\"><span style=\"color: rgb(0, 0, 128);\">Comunicazione di <strong>Ultimazione Lavori&nbsp;<\/strong><\/span><\/span><\/p>\n<p style=\"text-align: justify; margin-left: 40px;\"><strong style=\"background-color: transparent; color: rgb(105, 105, 105); font-family: tahoma, geneva, sans-serif; line-height: 19.75px; margin: 0px; padding: 0px; border: 0px; outline: 0px; vertical-align: baseline;\"><img loading=\"lazy\" align=\"absMiddle\" alt=\"\" border=\"\" height=\"20\" hspace=\"2\" src=\"https:\/\/sueonline.asmez.it\/sue\/wp-content\/uploads\/image\/COMPILA.jpg\" style=\"margin: 0px; padding: 0px; border: none; outline: 0px; vertical-align: baseline; background-color: transparent;\" width=\"20\" \/>&nbsp;<\/strong><a href=\"\/sanrufo\/?page_id=23&amp;model=sueGestPassi&amp;event=openBlock&amp;procedi=001014&amp;tema=cupertino\">Compila on Line (per utenti registrati)<\/a><\/p>\n<p style=\"text-align: justify; margin-left: 40px;\"><img loading=\"lazy\" align=\"absMiddle\" alt=\"\" height=\"15\" src=\"https:\/\/sueonline.asmez.it\/sue\/wp-content\/uploads\/image\/pec.jpg\" style=\"background-color: transparent; color: rgb(0, 0, 0); line-height: 19.75px; margin: 0px; padding: 0px; border: none; outline: 0px; vertical-align: baseline; text-align: center;\" width=\"20\" \/>&nbsp;<a href=\"\/sanrufo\/?page_id=270\" target=\"_self\">Modulistica per invio Tramite PEC<\/a><\/p>\n<p style=\"text-align: justify;\"><span style=\"font-size: 14px;\"><span style=\"color: rgb(0, 0, 128);\">SCIA &nbsp;&#8211;&nbsp;<strong>Collaudo Finale<\/strong><\/span><\/span><\/p>\n<p style=\"text-align: justify; margin-left: 40px;\"><strong style=\"background-color: transparent; color: rgb(105, 105, 105); font-family: tahoma, geneva, sans-serif; line-height: 19.75px; margin: 0px; padding: 0px; border: 0px; outline: 0px; vertical-align: baseline;\"><img loading=\"lazy\" align=\"absMiddle\" alt=\"\" border=\"\" height=\"20\" hspace=\"2\" src=\"https:\/\/sueonline.asmez.it\/sue\/wp-content\/uploads\/image\/COMPILA.jpg\" style=\"margin: 0px; padding: 0px; border: none; outline: 0px; vertical-align: baseline; background-color: transparent;\" width=\"20\" \/>&nbsp;<\/strong><a href=\"\/sanrufo\/?page_id=23&amp;model=sueGestPassi&amp;event=openBlock&amp;procedi=001015&amp;tema=cupertino\">Compila on Line (per utenti registrati)<\/a><\/p>\n<p style=\"text-align: justify; margin-left: 40px;\"><img loading=\"lazy\" align=\"absMiddle\" alt=\"\" height=\"15\" src=\"https:\/\/sueonline.asmez.it\/sue\/wp-content\/uploads\/image\/pec.jpg\" style=\"background-color: transparent; color: rgb(0, 0, 0); line-height: 19.75px; margin: 0px; padding: 0px; border: none; outline: 0px; vertical-align: baseline; text-align: center;\" width=\"20\" \/>&nbsp;<a href=\"\/sanrufo\/\/?page_id=270\" target=\"_self\">Modulistica per invio Tramite PEC<\/a><\/p>\n<hr \/>\n<p style=\"text-align: center;\"><span style=\"color:#000080;\"><span style=\"font-size:14px;\"><span style=\"font-family:tahoma,geneva,sans-serif;\"><a href=\"#interventi\" style=\"font-family: tahoma, geneva, sans-serif; font-size: 14px; text-align: center;\">D<\/a><a href=\"#interventi\">ESCRIZIONE<\/a><span style=\"text-align: center;\">&nbsp;|&nbsp;<\/span><a href=\"#chifalarichiesta\" style=\"font-family: tahoma, geneva, sans-serif; font-size: 14px; text-align: center;\">CHI PRESENTA LA RICHIESTA<\/a><span style=\"text-align: center;\">&nbsp;|&nbsp;<\/span><a href=\"#modalita\" style=\"font-family: tahoma, geneva, sans-serif; font-size: 14px; text-align: center;\">MODALITA&#8217; DI RILASCIO<\/a><span style=\"text-align: center;\">&nbsp;<\/span><span style=\"text-align: center;\">|&nbsp;<\/span><a href=\"#costi\" style=\"font-family: tahoma, geneva, sans-serif; font-size: 14px; text-align: center;\">COSTI<\/a><span style=\"text-align: center;\">&nbsp;<\/span>|<strong> <a href=\"#inviopratiche\">INVIO PRATICHE<\/a><\/strong><\/span><\/span><\/span><\/p>\n<\/div>\n","protected":false},"excerpt":{"rendered":"<p>Documentazione necessaria e informazioni sul procedimento \u25ba Descrizione \u25ba Chi presenta la Richiesta \u25ba Modalit\u00e0 di Rilascio \u25ba Costi&nbsp;&nbsp; \u25ba&nbsp;Invio Pratica \u00a0 La segnalazione certificata di inizio attivit\u00e0 (Scia) consente &nbsp;di&nbsp;eseguire negli immobile di sua propriet\u00e0 lavori edilizi di limitata entit\u00e0, dopo aver presentato all&#8217;Amministrazione comunale un&#8217;apposita segnalazione.&nbsp;La Scia \u00e8&nbsp;un titolo&nbsp;edilizio che si forma solo [&hellip;]<\/p>\n","protected":false},"author":1,"featured_media":0,"parent":0,"menu_order":0,"comment_status":"closed","ping_status":"open","template":"","meta":[],"_links":{"self":[{"href":"https:\/\/sueonline.asmez.it\/sanrufo\/index.php?rest_route=\/wp\/v2\/pages\/203"}],"collection":[{"href":"https:\/\/sueonline.asmez.it\/sanrufo\/index.php?rest_route=\/wp\/v2\/pages"}],"about":[{"href":"https:\/\/sueonline.asmez.it\/sanrufo\/index.php?rest_route=\/wp\/v2\/types\/page"}],"author":[{"embeddable":true,"href":"https:\/\/sueonline.asmez.it\/sanrufo\/index.php?rest_route=\/wp\/v2\/users\/1"}],"replies":[{"embeddable":true,"href":"https:\/\/sueonline.asmez.it\/sanrufo\/index.php?rest_route=%2Fwp%2Fv2%2Fcomments&post=203"}],"version-history":[{"count":17,"href":"https:\/\/sueonline.asmez.it\/sanrufo\/index.php?rest_route=\/wp\/v2\/pages\/203\/revisions"}],"predecessor-version":[{"id":430,"href":"https:\/\/sueonline.asmez.it\/sanrufo\/index.php?rest_route=\/wp\/v2\/pages\/203\/revisions\/430"}],"wp:attachment":[{"href":"https:\/\/sueonline.asmez.it\/sanrufo\/index.php?rest_route=%2Fwp%2Fv2%2Fmedia&parent=203"}],"curies":[{"name":"wp","href":"https:\/\/api.w.org\/{rel}","templated":true}]}}