{"id":215,"date":"2014-03-17T11:00:03","date_gmt":"2014-03-17T11:00:03","guid":{"rendered":"https:\/\/sueonline.asmez.it\/sue\/?page_id=215"},"modified":"2014-10-14T14:03:01","modified_gmt":"2014-10-14T14:03:01","slug":"certificato-di-agibilita","status":"publish","type":"page","link":"https:\/\/sueonline.asmez.it\/agerola\/?page_id=215","title":{"rendered":"Certificato di agibilit\u00e0"},"content":{"rendered":"<p><em><span style=\"font-size:14px;\"><span style=\"font-family:tahoma,geneva,sans-serif;\">Documentazione necessaria e informazioni sul procedimento per ottenere il &nbsp;Certificato di Agibilit\u00e0<\/span><\/span><\/em><\/p>\n<table border=\"1\" cellpadding=\"1\" cellspacing=\"1\" style=\"width: 100%;\">\n<tbody>\n<tr>\n<td style=\"width: 50%;\">\n<p style=\"margin-left: 40px;\"><span style=\"font-size: 14px;\"><span style=\"font-family: tahoma, geneva, sans-serif;\"><a href=\"#interventi\">\u25ba Descrizione<br \/>\n\t\t\t\t\t<\/a><\/span><\/span><\/p>\n<p style=\"margin-left: 40px;\"><span style=\"font-size: 14px;\"><span style=\"font-family: tahoma, geneva, sans-serif;\"><a href=\"#chifalarichiesta\">\u25ba Chi presenta la Richiesta<\/a><\/span><\/span><\/p>\n<p style=\"margin-left: 40px;\"><span style=\"font-size: 14px;\"><span style=\"font-family: tahoma, geneva, sans-serif;\"><a href=\"#tempi\">\u25ba Tempi di Rilascio<\/a><\/span><\/span><\/p>\n<p style=\"margin-left: 40px;\"><span style=\"font-size: 14px;\"><span style=\"font-family: tahoma, geneva, sans-serif;\"><a href=\"#costi\">\u25ba Costi<\/a>&nbsp;&nbsp;<br \/>\n\t\t\t\t\t<\/span><\/span><\/p>\n<p style=\"margin-left: 40px;\"><span style=\"font-size: 14px;\"><span style=\"font-family: tahoma, geneva, sans-serif;\"><a href=\"#inviopratiche\">\u25ba<\/a><strong>&nbsp;<a href=\"#inviopratiche\">Invio Pratica<\/a><\/strong><\/span><\/span><\/p>\n<\/td>\n<td>\n<p style=\"margin: 0.6em 0px 1.2em; padding: 0px; border: 0px; outline: 0px; font-size: 13px; vertical-align: baseline; color: rgb(0, 0, 0); font-family: Geneva, Arial, Helvetica, sans-serif; line-height: 19.75px; text-align: justify;\">\u00a0<\/p>\n<\/td>\n<\/tr>\n<\/tbody>\n<\/table>\n<div id=\"par_0\">\n<hr \/>\n<p style=\"text-align: justify;\"><a name=\"interventi\"><\/a>\u25ba<span style=\"font-size:14px;\"><span style=\"font-family:tahoma,geneva,sans-serif;\">&nbsp;<span style=\"color: rgb(51, 51, 51); line-height: 18px;\">Il <span style=\"color:#000080;\"><strong>Certificato di Agibilit\u00e0<\/strong><\/span> \u00e8 il documento che attesta l&#8217;esistenza, in un immobile, delle condizioni di sicurezza, igiene, salubrit\u00e0, risparmio energetico e di conformit\u00e0 degli&nbsp;impianti&nbsp;installati. Deve sempre essere richiesto a seguito di interventi di nuova costruzione, sopraelevazioni e ricostruzioni, totali e parziali.&nbsp;<\/span><span style=\"color: rgb(51, 51, 51); line-height: 18px;\">E&#8217; necessario, inoltre, presentare la domanda nel caso di interventi su edifici esistenti se le opere eseguite hanno modificato le predette condizioni di sicurezza, igiene, salubrit\u00e0, risparmio energetico e conformit\u00e0 degli impianti.<br \/>\n\t\t<\/span><span style=\"color: rgb(51, 51, 51); line-height: 18px;\">La domanda di agibilit\u00e0 deve essere inviata entro 15 giorni dall&#8217;ultimazione dei lavori.&nbsp;<\/span><\/span><\/span><\/p>\n<p style=\"text-align: justify;\">&nbsp;<span style=\"font-size:14px;\"><a name=\"chifalarichiesta\"><\/a>&nbsp;<\/span>\u25ba&nbsp;<strong style=\"font-size: 14px; color: rgb(0, 0, 128);\"><span style=\"font-family:tahoma,geneva,sans-serif;\">Chi presenta la Richiesta<br \/>\n\t\t<\/span><\/strong><span style=\"font-size:14px;\"><span style=\"font-family:tahoma,geneva,sans-serif;\"><span style=\"color: rgb(51, 51, 51); line-height: 18px; text-align: start;\">La richiesta \u00e8 inoltrata dal titolare del permesso di costruire o da chi ha presentato la Scia o la Dia; tuttavia non sussistono limitazioni al diritto di richiedere l&#8217;agibilit\u00e0, che pu\u00f2 essere esercitato da chi ne ha l&#8217;interesse (ad esempio dal successivo proprietario dell&#8217;immobile).<\/span><\/span><\/span><\/p>\n<\/div>\n<div id=\"par_1\">\n<p style=\"text-align: justify;\">\u00a0<\/p>\n<\/div>\n<div id=\"par_3\">\n<p style=\"text-align: justify;\">&nbsp;<span style=\"font-size:14px;\"><a name=\"tempi\"><\/a>&nbsp;<\/span>\u25ba&nbsp;<strong style=\"font-size: 14px; color: rgb(0, 0, 128);\"><span style=\"font-family:tahoma,geneva,sans-serif;\">Tempi di rilascio<br \/>\n\t\t<\/span><\/strong><span style=\"color: rgb(51, 51, 51); font-family: tahoma, geneva, sans-serif; font-size: 14px; line-height: 18px; text-align: start;\">Il rilascio&nbsp;del certificato avviene entro&nbsp;30 giorni dalla presentazione della richiesta, salvo che l&#8217;ufficio richieda integrazioni documentali. In tal caso il termine ricomincia a decorrere per intero&nbsp;dalla data di ricevimento da parte dell&#8217;ufficio di tutta la documentazione richiesta.<\/span><\/p>\n<p style=\"text-align: justify;\">&nbsp;<span style=\"font-family:tahoma,geneva,sans-serif;\"><a name=\"costi\"><\/a>&nbsp;<\/span>\u25ba&nbsp;<strong style=\"font-size: 14px; color: rgb(0, 0, 128);\"><span style=\"font-family:tahoma,geneva,sans-serif;\">Costi<br \/>\n\t\t<\/span><\/strong><span style=\"font-family: tahoma, geneva, sans-serif; font-size: 14px;\">I costi della Richiesta sono:<\/span><\/p>\n<\/div>\n<div id=\"par_6\">\n<ul>\n<li><span style=\"font-size:14px;\"><span style=\"font-family:tahoma,geneva,sans-serif;\">Marca da Bollo<\/span><\/span><\/li>\n<\/ul>\n<hr \/>\n<\/div>\n<div id=\"par_8\">\n<p style=\"text-align: center;\">&nbsp;<span style=\"color: rgb(0, 0, 128);\"><span style=\"font-size: 16px;\"><strong><span style=\"font-family: tahoma, geneva, sans-serif;\"><a name=\"inviopratiche\"><\/a>MODALITA DI INVIO PRATICHE<br \/>\n\t\t<\/span><\/strong><\/span><\/span><\/p>\n<p><span style=\"font-size: 14px;\"><span style=\"font-family: tahoma, geneva, sans-serif;\">L&#8217;invio delle pratiche avviene tramite la&nbsp;Compilazione On line&nbsp;&#8211; per utenti registrati &#8211; o &nbsp;l&#8217;&nbsp;Invio tramite mail\/PEC&nbsp;dopo aver&nbsp;scaricato la modulistica relativa al procedimento:<\/span><\/span><\/p>\n<p style=\"text-align: justify;\"><span style=\"color: rgb(105, 105, 105);\"><span style=\"font-family: tahoma, geneva, sans-serif;\"><span style=\"line-height: 19.75px;\"><strong style=\"background-color: transparent; margin: 0px; padding: 0px; border: 0px; outline: 0px; vertical-align: baseline;\"><span style=\"margin: 0px; padding: 0px; border: 0px; outline: 0px; vertical-align: baseline; background-color: transparent;\"><img loading=\"lazy\" align=\"absMiddle\" alt=\"\" border=\"\" height=\"45\" hspace=\"2\" src=\"https:\/\/sueonline.asmez.it\/sue\/wp-content\/uploads\/image\/COMPILA.jpg\" style=\"margin: 0px; padding: 0px; border: none; outline: 0px; vertical-align: baseline; background-color: transparent;\" width=\"45\" \/><\/span><\/strong><span style=\"font-size: 14px;\"><strong style=\"background-color: transparent; margin: 0px; padding: 0px; border: 0px; outline: 0px; vertical-align: baseline;\"><span style=\"margin: 0px; padding: 0px; border: 0px; outline: 0px; vertical-align: baseline; background-color: transparent;\">&nbsp;<\/span><\/strong><span style=\"color: rgb(0, 128, 0);\"><strong style=\"background-color: transparent; margin: 0px; padding: 0px; border: 0px; outline: 0px; vertical-align: baseline;\"><span style=\"margin: 0px; padding: 0px; border: 0px; outline: 0px; vertical-align: baseline; background-color: transparent;\">Compilazione On line<br \/>\n\t\t<\/span><\/strong><\/span><\/span><\/span><\/span><\/span><span style=\"font-family: tahoma, geneva, sans-serif; font-size: 14px;\">Per&nbsp;la Compilazione Online \u00e8 necessario effettuare le operazioni di&nbsp;<\/span><a href=\"https:\/\/sueonline.asmez.it\/wp-signup.php?ruolo=residenti\" style=\"font-family: tahoma, geneva, sans-serif; font-size: 14px;\" target=\"_blank\">registrazione<\/a><span style=\"font-family: tahoma, geneva, sans-serif; font-size: 14px;\">.&nbsp;La compilazione on line prevede l&#8217;esecuzione di passi utili per l&#8217;invio della pratica. Tali passi permettono di scaricare la modulistica utile al procedimento e caricarla per poi inviarla in maniera automatica al SUE<\/span><\/p>\n<p><img loading=\"lazy\" align=\"absMiddle\" alt=\"\" height=\"37\" src=\"https:\/\/sueonline.asmez.it\/sue\/wp-content\/uploads\/image\/pec.jpg\" style=\"background-color: transparent; color: rgb(0, 0, 0); line-height: 19.75px; margin: 0px; padding: 0px; border: none; outline: 0px; vertical-align: baseline; text-align: center;\" width=\"45\" \/><span style=\"font-size: 14px;\"><span style=\"text-align: justify;\"><span style=\"font-family: tahoma, geneva, sans-serif;\"><span style=\"color: rgb(0, 0, 128);\"><strong>Invio Tramite PEC<br \/>\n\t\t<\/strong><\/span><\/span><\/span><\/span><span style=\"font-family: tahoma, geneva, sans-serif; font-size: 14px; text-align: justify;\">Scaricare la modulistica relativa al procedimento dall&#8217;icona,e inviarla tramite PEC.<\/span><\/p>\n<hr \/>\n<p style=\"text-align: justify;\"><span style=\"margin: 0px; padding: 0px; border: 0px; outline: 0px; vertical-align: baseline; font-family: Verdana, Arial, sans-serif; line-height: 20px; color: rgb(0, 0, 128);\"><span style=\"margin: 0px; padding: 0px; border: 0px; outline: 0px; vertical-align: baseline; background-color: transparent; font-family: tahoma, geneva, sans-serif;\"><span style=\"margin: 0px; padding: 0px; border: 0px; outline: 0px; font-size: 14px; vertical-align: baseline; background-color: transparent; background-position: initial initial; background-repeat: initial initial;\">Richiesta di<\/span><\/span><\/span><strong style=\"margin: 0px; padding: 0px; border: 0px; outline: 0px; vertical-align: baseline; color: rgb(73, 73, 73); font-family: Verdana, Arial, sans-serif; line-height: 20px;\"><span style=\"margin: 0px; padding: 0px; border: 0px; outline: 0px; vertical-align: baseline; background-color: transparent; color: rgb(0, 0, 128);\"><span style=\"margin: 0px; padding: 0px; border: 0px; outline: 0px; vertical-align: baseline; background-color: transparent; font-family: tahoma, geneva, sans-serif;\"><span style=\"margin: 0px; padding: 0px; border: 0px; outline: 0px; font-size: 14px; vertical-align: baseline; background-color: transparent; background-position: initial initial; background-repeat: initial initial;\">&nbsp;Certificato di Agibilit\u00e0<\/span><\/span><\/span><\/strong><\/p>\n<p style=\"text-align: justify; margin-left: 40px;\"><strong style=\"background-color: transparent; color: rgb(105, 105, 105); font-family: tahoma, geneva, sans-serif; line-height: 19.75px; margin: 0px; padding: 0px; border: 0px; outline: 0px; vertical-align: baseline;\"><img loading=\"lazy\" align=\"absMiddle\" alt=\"\" border=\"\" height=\"20\" hspace=\"2\" src=\"https:\/\/sueonline.asmez.it\/sue\/wp-content\/uploads\/image\/COMPILA.jpg\" style=\"margin: 0px; padding: 0px; border: none; outline: 0px; vertical-align: baseline; background-color: transparent;\" width=\"20\" \/>&nbsp;<\/strong><a href=\"\/agerola\/?page_id=23&amp;model=sueGestPassi&amp;event=openBlock&amp;procedi=001017&amp;tema=cupertino\">Compila on Line (per utenti registrati)<\/a><\/p>\n<p style=\"text-align: justify; margin-left: 40px;\"><img loading=\"lazy\" align=\"absMiddle\" alt=\"\" height=\"15\" src=\"https:\/\/sueonline.asmez.it\/sue\/wp-content\/uploads\/image\/pec.jpg\" style=\"background-color: transparent; color: rgb(0, 0, 0); line-height: 19.75px; margin: 0px; padding: 0px; border: none; outline: 0px; vertical-align: baseline; text-align: center;\" width=\"20\" \/>&nbsp;&nbsp;<a href=\"\/agerola\/\/?page_id=270\" \">Modulistica per invio Tramite PEC<\/a><\/p>\n<hr \/>\n<p style=\"text-align: center;\"><span style=\"color:#000080;\"><span style=\"font-size:14px;\"><span style=\"font-family:tahoma,geneva,sans-serif;\"><a href=\"#interventi\" style=\"font-family: tahoma, geneva, sans-serif; font-size: 14px; text-align: center;\">D<\/a><a href=\"#interventi\">ESCRIZIONE<\/a><span style=\"text-align: center;\">&nbsp;|&nbsp;<\/span><a href=\"#chifalarichiesta\" style=\"font-family: tahoma, geneva, sans-serif; font-size: 14px; text-align: center;\">CHI PRESENTA LA RICHIESTA<\/a><span style=\"text-align: center;\">&nbsp;<\/span><span style=\"text-align: center;\">|&nbsp;<\/span><a href=\"#tempi\" style=\"font-family: tahoma, geneva, sans-serif; font-size: 14px; text-align: center;\">TEMPI DI RILASCIO<\/a><span style=\"text-align: center;\">&nbsp;|<\/span><span style=\"text-align: center;\">&nbsp;<\/span><a href=\"#costi\" style=\"font-family: tahoma, geneva, sans-serif; font-size: 14px; text-align: center;\">COSTI<\/a><span style=\"text-align: center;\">&nbsp;<\/span>|<strong> <a href=\"#inviopratiche\">INVIO PRATICHE<\/a><\/strong><\/span><\/span><\/span><\/p>\n<\/div>\n","protected":false},"excerpt":{"rendered":"<p>Documentazione necessaria e informazioni sul procedimento per ottenere il &nbsp;Certificato di Agibilit\u00e0 \u25ba Descrizione \u25ba Chi presenta la Richiesta \u25ba Tempi di Rilascio \u25ba Costi&nbsp;&nbsp; \u25ba&nbsp;Invio Pratica \u00a0 \u25ba&nbsp;Il Certificato di Agibilit\u00e0 \u00e8 il documento che attesta l&#8217;esistenza, in un immobile, delle condizioni di sicurezza, igiene, salubrit\u00e0, risparmio energetico e di conformit\u00e0 degli&nbsp;impianti&nbsp;installati. Deve sempre [&hellip;]<\/p>\n","protected":false},"author":1,"featured_media":0,"parent":0,"menu_order":0,"comment_status":"closed","ping_status":"open","template":"","meta":[],"_links":{"self":[{"href":"https:\/\/sueonline.asmez.it\/agerola\/index.php?rest_route=\/wp\/v2\/pages\/215"}],"collection":[{"href":"https:\/\/sueonline.asmez.it\/agerola\/index.php?rest_route=\/wp\/v2\/pages"}],"about":[{"href":"https:\/\/sueonline.asmez.it\/agerola\/index.php?rest_route=\/wp\/v2\/types\/page"}],"author":[{"embeddable":true,"href":"https:\/\/sueonline.asmez.it\/agerola\/index.php?rest_route=\/wp\/v2\/users\/1"}],"replies":[{"embeddable":true,"href":"https:\/\/sueonline.asmez.it\/agerola\/index.php?rest_route=%2Fwp%2Fv2%2Fcomments&post=215"}],"version-history":[{"count":11,"href":"https:\/\/sueonline.asmez.it\/agerola\/index.php?rest_route=\/wp\/v2\/pages\/215\/revisions"}],"predecessor-version":[{"id":407,"href":"https:\/\/sueonline.asmez.it\/agerola\/index.php?rest_route=\/wp\/v2\/pages\/215\/revisions\/407"}],"wp:attachment":[{"href":"https:\/\/sueonline.asmez.it\/agerola\/index.php?rest_route=%2Fwp%2Fv2%2Fmedia&parent=215"}],"curies":[{"name":"wp","href":"https:\/\/api.w.org\/{rel}","templated":true}]}}