{"id":207,"date":"2014-03-17T10:57:10","date_gmt":"2014-03-17T10:57:10","guid":{"rendered":"https:\/\/sueonline.asmez.it\/sue\/?page_id=207"},"modified":"2014-10-14T14:04:29","modified_gmt":"2014-10-14T14:04:29","slug":"denuncia-di-inizio-attivita","status":"publish","type":"page","link":"https:\/\/sueonline.asmez.it\/agerola\/?page_id=207","title":{"rendered":"Denuncia di Inizio Attivit\u00e0"},"content":{"rendered":"<p><em><span style=\"font-size:14px;\"><span style=\"font-family:tahoma,geneva,sans-serif;\">Documentazione necessaria e informazioni sul procedimento<\/span><\/span><\/em><\/p>\n<table border=\"1\" cellpadding=\"1\" cellspacing=\"1\" style=\"width: 100%;\">\n<tbody>\n<tr>\n<td style=\"width: 50%;\">\n<p style=\"margin-left: 40px;\"><a href=\"#interventi\" style=\"font-family: tahoma, geneva, sans-serif; font-size: 14px;\">\u25ba Descrizione<\/a><\/p>\n<p style=\"margin-left: 40px;\"><span style=\"font-size: 14px;\"><span style=\"font-family: tahoma, geneva, sans-serif;\"><a href=\"#chifalarichiesta\">\u25ba Chi presenta la Richiesta<br \/>\n\t\t\t\t\t<\/a><\/span><\/span><\/p>\n<p style=\"margin-left: 40px;\"><span style=\"font-size: 14px;\"><span style=\"font-family: tahoma, geneva, sans-serif;\"><a href=\"#modalita\">\u25ba Tempi e Controlli<\/a><\/span><\/span><\/p>\n<p style=\"margin-left: 40px;\"><span style=\"font-size: 14px;\"><span style=\"font-family: tahoma, geneva, sans-serif;\"><a href=\"#costi\">\u25ba Costi<\/a>&nbsp;&nbsp;<br \/>\n\t\t\t\t\t<\/span><\/span><\/p>\n<p style=\"margin-left: 40px;\"><span style=\"font-size: 14px;\"><span style=\"font-family: tahoma, geneva, sans-serif;\"><a href=\"#inviopratiche\">\u25ba<\/a>&nbsp;<strong><a href=\"#inviopratiche\">Invio Pratica<\/a><\/strong><\/span><\/span><\/p>\n<\/td>\n<td>\n<p style=\"margin: 0.6em 0px 1.2em; padding: 0px; border: 0px; outline: 0px; font-size: 13px; vertical-align: baseline; color: rgb(0, 0, 0); font-family: Geneva, Arial, Helvetica, sans-serif; line-height: 19.75px; text-align: justify;\">\u00a0<\/p>\n<\/td>\n<\/tr>\n<\/tbody>\n<\/table>\n<div id=\"par_0\">\n<hr \/>\n<p><span style=\"font-size:14px;\"><span style=\"font-family:tahoma,geneva,sans-serif;\">In alternativa al permesso di costruire possono&nbsp;essere realizzati, mediante Dia (Denuncia inizio attivit\u00e0 alternativa al permesso di costruire)&nbsp;alcuni interventi edilizi di consistenza maggiore rispetto a quelli soggetti a Scia&nbsp;(Segnalazione certificata di inizio attivit\u00e0), come previsto&nbsp;dall&#8217;art. 22 comma 3 del DPR 380\/2001.<\/span><\/span><\/p>\n<p style=\"text-align: justify;\"><span style=\"font-size:14px;\"><span style=\"font-family:tahoma,geneva,sans-serif;\"><a name=\"interventi\"><\/a>\u25baGli interventi che consentono l&#8217;uso della <span style=\"color:#000080;\"><strong>Denuncia di Inizo Attivit\u00e0<\/strong><\/span> &nbsp;sono:<\/span><\/span><\/p>\n<ol>\n<li><span style=\"font-size:14px;\"><span style=\"font-family:tahoma,geneva,sans-serif;\"><span style=\"color:#000080;\">Interventi di ristrutturazione edilizia<\/span>, che portano ad un organismo edilizio in tutto o in parte diverso dal precedente e che determinano aumento di unit\u00e0 immobliari, modifiche del volume, della sagoma, dei prospetti o delle superfici, ovvero che, limitatamente agli immobili compresi nelle Zone omogenee A, comportano mutamenti della destinazione d&#8217;uso. (Art. 10 comma 1 lett. C del DPR 380\/01);<br \/>\n\t\t\t<\/span><\/span><\/li>\n<li><span style=\"font-size:14px;\"><span style=\"font-family:tahoma,geneva,sans-serif;\"><span style=\"color:#000080;\">Interventi di nuova costruzione o di ristrutturazione urbanistica<\/span>&nbsp;disciplinati da piani attuativi comunque denominati, tra cui rientrano gli accordi negoziali aventi valore di piano attuativo, che contengono precise disposizioni planivolumetriche, tipologiche, formali e costruttive, la cui sussistenza \u00e8 stata esplicitamente dichiarata dal Consiglio Comunale in sede di approvazione degli stessi piani o ricognizione di quelli vigenti. E&#8217; prevista anche la possibilit\u00e0&nbsp;che il progetto sia&nbsp;asseverato da apposita relazione tecnica che attesta che il piano contiene le predette precise disposizioni;<\/span><\/span><\/li>\n<li><span style=\"font-size:14px;\"><span style=\"font-family:tahoma,geneva,sans-serif;\"><span style=\"color:#000080;\">Interventi di nuova costruzione<\/span> in diretta esecuzione degli strumenti urbanistici generalirecanti precise disposizioni plano-volumetriche (art. 22 comma 3 lett.&nbsp;c del&nbsp;DPR 380\/01).&nbsp;Nel caso in cui venga utilizzata la Dia alternativa in luogo del permesso di costruire, \u00e8 dovuto il pagamento del contributo di costruzione e&nbsp;permangono&nbsp;le stesse responsabilit\u00e0 penali, civili e amministrative previste&nbsp;in caso di interventi realizzati in difformit\u00e0 dal permesso di costruire.<\/span><\/span><\/li>\n<\/ol>\n<p style=\"text-align: justify;\"><span style=\"font-size:14px;\">&nbsp;<a name=\"chifalarichiesta\"><\/a>&nbsp;\u25ba&nbsp;<strong style=\"font-size: 14px; color: rgb(0, 0, 128);\"><span style=\"font-family:tahoma,geneva,sans-serif;\">Chi presenta la Richiesta<br \/>\n\t\t<\/span><\/strong><\/span><span style=\"font-family: tahoma, geneva, sans-serif; font-size: 14px;\">La&nbsp;<\/span><span style=\"font-family: tahoma, geneva, sans-serif; font-size: 14px;\">&nbsp;Denuncia<\/span><span style=\"font-family: tahoma, geneva, sans-serif; font-size: 14px; text-align: start;\">&nbsp;Inizio Attivit\u00e0<\/span><span style=\"font-family: tahoma, geneva, sans-serif; font-size: 14px;\">&nbsp;deve essere presentata da chi \u00e8 titolare di un diritto reale (propriet\u00e0, usufrutto, uso, ecc.) sul bene immobile oggetto dell&#8217;intervento edilizio, ovvero dal titolare di un diritto personale compatibile con l&#8217;intervento da realizzare (es. rapporto di locazione &#8211; conduzione).<\/span><\/p>\n<\/div>\n<div id=\"par_1\">\n<p style=\"text-align: justify;\">&nbsp;<span style=\"font-size:14px;\"><span style=\"font-family:tahoma,geneva,sans-serif;\"><a name=\"modalita\"><\/a>&nbsp;<\/span><\/span>\u25ba&nbsp;<strong style=\"font-size: 14px; color: rgb(0, 0, 128);\"><span style=\"font-family:tahoma,geneva,sans-serif;\">Tempi e Controlli<br \/>\n\t\t<\/span><\/strong><\/p>\n<p style=\"text-align: justify;\"><span style=\"font-size:14px;\"><span style=\"font-family:tahoma,geneva,sans-serif;\">I lavori previsti dalla Dia non possono essere iniziati prima che siano decorsi 30 giorni dalla data della presentazione.<br \/>\n\t\tNel caso di interventi su immobili soggetti a tutela storico-artistica o paesaggistica (D.Lgs. 22\/1\/2004 n. 42)&nbsp;il termine di 30 giorni decorre dal rilascio della relativa autorizzazione.<br \/>\n\t\t<\/span><\/span><span style=\"font-family: tahoma, geneva, sans-serif; font-size: 14px;\">Nel caso in cui, nei&nbsp;30 giorni successivi alla presentazione della denuncia, l&#8217;ufficio riscontri l&#8217;assenza di una o pi\u00f9 delle condizioni previste dalla legge,&nbsp;ordina di non dare inizio ai lavori.<\/span><span style=\"font-size:14px;\"><span style=\"font-family:tahoma,geneva,sans-serif;\"><br \/>\n\t\tL&#8217;interessato potr\u00e0 presentare una&nbsp;nuova denuncia se le condizioni mancanti possono essere integrate.<br \/>\n\t\t<\/span><\/span><span style=\"font-family: tahoma, geneva, sans-serif; font-size: 14px;\">La Dia ha un termine massimo di efficacia di tre anni. Al termine dei lavori&nbsp;dovr\u00e0 essere comunicata la data di fine lavori e inviato il certificato di collaudo sottoscritto dal professionista.<\/span><\/p>\n<\/div>\n<div id=\"par_3\">\n<p style=\"text-align: justify;\">&nbsp;<span style=\"font-family:tahoma,geneva,sans-serif;\"><a name=\"costi\"><\/a>&nbsp;<\/span>\u25ba&nbsp;<strong style=\"font-size: 14px; color: rgb(0, 0, 128);\"><span style=\"font-family:tahoma,geneva,sans-serif;\">Costi<br \/>\n\t\t<\/span><\/strong><span style=\"font-family: tahoma, geneva, sans-serif; font-size: 14px;\">I costi del Denuncia<\/span><span style=\"font-family: tahoma, geneva, sans-serif; font-size: 14px; text-align: start;\">&nbsp;Inizio Attivit\u00e0<\/span><span style=\"font-family: tahoma, geneva, sans-serif; font-size: 14px;\">&nbsp;sono:<\/span><\/p>\n<\/div>\n<div id=\"par_6\">\n<ul>\n<li style=\"text-align: justify;\"><span style=\"font-size:14px;\"><span style=\"font-family:tahoma,geneva,sans-serif;\">il&nbsp;contributo di costruzione<\/span><\/span><\/li>\n<li style=\"text-align: justify;\"><span style=\"font-size:14px;\"><span style=\"font-family:tahoma,geneva,sans-serif;\">i diritti di segreteria<\/span><\/span><\/li>\n<\/ul>\n<hr \/>\n<p style=\"text-align: center;\">&nbsp;<span style=\"text-align: center; color: rgb(0, 0, 128);\"><span style=\"font-size: 16px;\"><strong><span style=\"font-family: tahoma, geneva, sans-serif;\"><a name=\"inviopratiche\"><\/a>MODALITA DI INVIO PRATICHE<br \/>\n\t\t<\/span><\/strong><\/span><\/span><\/p>\n<p style=\"text-align: justify;\"><span style=\"font-size:14px;\"><span style=\"font-family:tahoma,geneva,sans-serif;\">L&#8217;invio delle pratiche avviene tramite la&nbsp;Compilazione On line&nbsp;&#8211; per utenti registrati &#8211; o &nbsp;l&#8217;&nbsp;Invio tramite mail\/PEC&nbsp;dopo aver&nbsp;scaricato la modulistica relativa al procedimento:<\/span><\/span><\/p>\n<p style=\"text-align: justify;\"><span style=\"color: rgb(105, 105, 105);\"><span style=\"font-family: tahoma, geneva, sans-serif;\"><span style=\"line-height: 19.75px;\"><strong style=\"background-color: transparent; margin: 0px; padding: 0px; border: 0px; outline: 0px; vertical-align: baseline;\"><span style=\"margin: 0px; padding: 0px; border: 0px; outline: 0px; vertical-align: baseline; background-color: transparent;\"><img loading=\"lazy\" align=\"absMiddle\" alt=\"\" border=\"\" height=\"45\" hspace=\"2\" src=\"https:\/\/sueonline.asmez.it\/sue\/wp-content\/uploads\/image\/COMPILA.jpg\" style=\"margin: 0px; padding: 0px; border: none; outline: 0px; vertical-align: baseline; background-color: transparent;\" width=\"45\" \/><\/span><\/strong><span style=\"font-size:14px;\"><strong style=\"background-color: transparent; margin: 0px; padding: 0px; border: 0px; outline: 0px; vertical-align: baseline;\"><span style=\"margin: 0px; padding: 0px; border: 0px; outline: 0px; vertical-align: baseline; background-color: transparent;\">&nbsp;<\/span><\/strong><span style=\"color:#008000;\"><strong style=\"background-color: transparent; font-size: 14px; margin: 0px; padding: 0px; border: 0px; outline: 0px; vertical-align: baseline;\"><span style=\"margin: 0px; padding: 0px; border: 0px; outline: 0px; vertical-align: baseline; background-color: transparent;\">Compilazione On line<br \/>\n\t\t<\/span><\/strong><\/span><\/span><\/span><\/span><\/span><span style=\"font-family: tahoma, geneva, sans-serif; font-size: 14px;\">Per&nbsp;la Compilazione Online \u00e8 necessario effettuare le operazioni di&nbsp;<\/span><a href=\"https:\/\/sueonline.asmez.it\/wp-signup.php?ruolo=residenti\" style=\"font-family: tahoma, geneva, sans-serif; font-size: 14px;\" target=\"_blank\">registrazione<\/a><span style=\"font-family: tahoma, geneva, sans-serif; font-size: 14px;\">.&nbsp;La compilazione on line prevede l&#8217;esecuzione di passi utili per l&#8217;invio della pratica. Tali passi permettono di scaricare la modulistica utile al procedimento e caricarla per poi inviarla in maniera automatica al SUE<\/span><\/p>\n<p style=\"text-align: justify;\"><img loading=\"lazy\" align=\"absMiddle\" alt=\"\" height=\"37\" src=\"https:\/\/sueonline.asmez.it\/sue\/wp-content\/uploads\/image\/pec.jpg\" style=\"background-color: transparent; color: rgb(0, 0, 0); line-height: 19.75px; margin: 0px; padding: 0px; border: none; outline: 0px; vertical-align: baseline; text-align: center;\" width=\"45\" \/><span style=\"font-size:14px;\"><span style=\"text-align: justify;\"><span style=\"font-family:tahoma,geneva,sans-serif;\"><span style=\"color:#000080;\"><strong>Invio Tramite PEC<br \/>\n\t\t<\/strong><\/span><\/span><\/span><\/span><span style=\"font-family: tahoma, geneva, sans-serif; font-size: 14px; text-align: justify;\">Scaricare la modulistica relativa al procedimento dall&#8217;icona,e inviarla tramite PEC.<\/span><\/p>\n<\/div>\n<div id=\"par_8\">\n<hr \/>\n<p style=\"text-align: justify;\"><strong><span style=\"font-size: 14px;\"><span style=\"font-family: tahoma, geneva, sans-serif;\"><span style=\"color: rgb(0, 0, 128);\">Segnalazione Certificata di Inizio Attivit\u00e0<\/span><\/span><\/span><\/strong><\/p>\n<p style=\"text-align: justify; margin-left: 40px;\"><strong style=\"background-color: transparent; color: rgb(105, 105, 105); font-family: tahoma, geneva, sans-serif; line-height: 19.75px; margin: 0px; padding: 0px; border: 0px; outline: 0px; vertical-align: baseline;\"><img loading=\"lazy\" align=\"absMiddle\" alt=\"\" border=\"\" height=\"20\" hspace=\"2\" src=\"https:\/\/sueonline.asmez.it\/sue\/wp-content\/uploads\/image\/COMPILA.jpg\" style=\"margin: 0px; padding: 0px; border: none; outline: 0px; vertical-align: baseline; background-color: transparent;\" width=\"20\" \/>&nbsp;<\/strong><a href=\"\/agerola\/?page_id=23&amp;model=sueGestPassi&amp;event=openBlock&amp;procedi=001010&amp;tema=cupertino\">Compila on Line (per utenti registrati)<\/a><\/p>\n<p style=\"text-align: justify; margin-left: 40px;\"><img loading=\"lazy\" align=\"absMiddle\" alt=\"\" height=\"15\" src=\"https:\/\/sueonline.asmez.it\/sue\/wp-content\/uploads\/image\/pec.jpg\" style=\"background-color: transparent; color: rgb(0, 0, 0); line-height: 19.75px; margin: 0px; padding: 0px; border: none; outline: 0px; vertical-align: baseline; text-align: center;\" width=\"20\" \/>&nbsp;<a href=\"\/agerola\/?page_id=270\" target=\"_self\">Modulistica per invio Tramite PEC<\/a><\/p>\n<p style=\"text-align: justify;\"><span style=\"font-size: 14px;\"><span style=\"color: rgb(0, 0, 128);\">Comunicazione di <strong>Ultimazione Lavori&nbsp;<\/strong><\/span><\/span><\/p>\n<p style=\"text-align: justify; margin-left: 40px;\"><strong style=\"background-color: transparent; color: rgb(105, 105, 105); font-family: tahoma, geneva, sans-serif; line-height: 19.75px; margin: 0px; padding: 0px; border: 0px; outline: 0px; vertical-align: baseline;\"><img loading=\"lazy\" align=\"absMiddle\" alt=\"\" border=\"\" height=\"20\" hspace=\"2\" src=\"https:\/\/sueonline.asmez.it\/sue\/wp-content\/uploads\/image\/COMPILA.jpg\" style=\"margin: 0px; padding: 0px; border: none; outline: 0px; vertical-align: baseline; background-color: transparent;\" width=\"20\" \/>&nbsp;<\/strong><a href=\"\/agerola\/?page_id=23&amp;model=sueGestPassi&amp;event=openBlock&amp;procedi=001011&amp;tema=cupertino\">Compila on Line (per utenti registrati)<\/a><\/p>\n<p style=\"text-align: justify; margin-left: 40px;\"><img loading=\"lazy\" align=\"absMiddle\" alt=\"\" height=\"15\" src=\"https:\/\/sueonline.asmez.it\/sue\/wp-content\/uploads\/image\/pec.jpg\" style=\"background-color: transparent; color: rgb(0, 0, 0); line-height: 19.75px; margin: 0px; padding: 0px; border: none; outline: 0px; vertical-align: baseline; text-align: center;\" width=\"20\" \/>&nbsp;<a href=\"\/agerola\/?page_id=270\" target=\"_self\">Modulistica per invio Tramite PEC<\/a><\/p>\n<p style=\"text-align: justify;\"><span style=\"font-size: 14px;\"><span style=\"color: rgb(0, 0, 128);\">SCIA &nbsp;&#8211;&nbsp;<strong>Collaudo Finale<\/strong><\/span><\/span><\/p>\n<p style=\"text-align: justify; margin-left: 40px;\"><strong style=\"background-color: transparent; color: rgb(105, 105, 105); font-family: tahoma, geneva, sans-serif; line-height: 19.75px; margin: 0px; padding: 0px; border: 0px; outline: 0px; vertical-align: baseline;\"><img loading=\"lazy\" align=\"absMiddle\" alt=\"\" border=\"\" height=\"20\" hspace=\"2\" src=\"https:\/\/sueonline.asmez.it\/sue\/wp-content\/uploads\/image\/COMPILA.jpg\" style=\"margin: 0px; padding: 0px; border: none; outline: 0px; vertical-align: baseline; background-color: transparent;\" width=\"20\" \/>&nbsp;<\/strong><a href=\"\/agerola\/?page_id=23&amp;model=sueGestPassi&amp;event=openBlock&amp;procedi=001012&amp;tema=cupertino\">Compila on Line (per utenti registrati)<\/a><\/p>\n<p style=\"text-align: justify; margin-left: 40px;\"><img loading=\"lazy\" align=\"absMiddle\" alt=\"\" height=\"15\" src=\"https:\/\/sueonline.asmez.it\/sue\/wp-content\/uploads\/image\/pec.jpg\" style=\"background-color: transparent; color: rgb(0, 0, 0); line-height: 19.75px; margin: 0px; padding: 0px; border: none; outline: 0px; vertical-align: baseline; text-align: center;\" width=\"20\" \/>&nbsp;<a href=\"\/agerola\/?page_id=270\" target=\"_self\">Modulistica per invio Tramite PEC<\/a><\/p>\n<hr \/>\n<p style=\"text-align: center;\"><span style=\"color:#000080;\"><span style=\"font-size:14px;\"><span style=\"font-family:tahoma,geneva,sans-serif;\"><a href=\"#interventi\" style=\"font-family: tahoma, geneva, sans-serif; font-size: 14px; text-align: center;\">D<\/a><a href=\"#interventi\">ESCRIZIONE<\/a><span style=\"text-align: center;\">&nbsp;|&nbsp;<\/span><a href=\"#chifalarichiesta\" style=\"font-family: tahoma, geneva, sans-serif; font-size: 14px; text-align: center;\">CHI PRESENTA LA RICHIESTA<\/a><span style=\"text-align: center;\">&nbsp;|&nbsp;<\/span><a href=\"#modalita\" style=\"font-family: tahoma, geneva, sans-serif; font-size: 14px; text-align: center;\">MODALITA&#8217; DI RILASCIO<\/a><span style=\"text-align: center;\">&nbsp;<\/span><span style=\"text-align: center;\">|&nbsp;<\/span><a href=\"#costi\" style=\"font-family: tahoma, geneva, sans-serif; font-size: 14px; text-align: center;\">COSTI<\/a><span style=\"text-align: center;\">&nbsp;<\/span>|<strong> <a href=\"#inviopratiche\">INVIO PRATICHE<\/a><\/strong><\/span><\/span><\/span><\/p>\n<\/div>\n","protected":false},"excerpt":{"rendered":"<p>Documentazione necessaria e informazioni sul procedimento \u25ba Descrizione \u25ba Chi presenta la Richiesta \u25ba Tempi e Controlli \u25ba Costi&nbsp;&nbsp; \u25ba&nbsp;Invio Pratica \u00a0 In alternativa al permesso di costruire possono&nbsp;essere realizzati, mediante Dia (Denuncia inizio attivit\u00e0 alternativa al permesso di costruire)&nbsp;alcuni interventi edilizi di consistenza maggiore rispetto a quelli soggetti a Scia&nbsp;(Segnalazione certificata di inizio attivit\u00e0), [&hellip;]<\/p>\n","protected":false},"author":1,"featured_media":0,"parent":0,"menu_order":0,"comment_status":"closed","ping_status":"open","template":"","meta":[],"_links":{"self":[{"href":"https:\/\/sueonline.asmez.it\/agerola\/index.php?rest_route=\/wp\/v2\/pages\/207"}],"collection":[{"href":"https:\/\/sueonline.asmez.it\/agerola\/index.php?rest_route=\/wp\/v2\/pages"}],"about":[{"href":"https:\/\/sueonline.asmez.it\/agerola\/index.php?rest_route=\/wp\/v2\/types\/page"}],"author":[{"embeddable":true,"href":"https:\/\/sueonline.asmez.it\/agerola\/index.php?rest_route=\/wp\/v2\/users\/1"}],"replies":[{"embeddable":true,"href":"https:\/\/sueonline.asmez.it\/agerola\/index.php?rest_route=%2Fwp%2Fv2%2Fcomments&post=207"}],"version-history":[{"count":9,"href":"https:\/\/sueonline.asmez.it\/agerola\/index.php?rest_route=\/wp\/v2\/pages\/207\/revisions"}],"predecessor-version":[{"id":409,"href":"https:\/\/sueonline.asmez.it\/agerola\/index.php?rest_route=\/wp\/v2\/pages\/207\/revisions\/409"}],"wp:attachment":[{"href":"https:\/\/sueonline.asmez.it\/agerola\/index.php?rest_route=%2Fwp%2Fv2%2Fmedia&parent=207"}],"curies":[{"name":"wp","href":"https:\/\/api.w.org\/{rel}","templated":true}]}}